{"id":90,"date":"2026-01-14T08:59:36","date_gmt":"2026-01-14T08:59:36","guid":{"rendered":"https:\/\/thegiftexperiences.co.uk\/?page_id=90"},"modified":"2026-03-23T02:34:53","modified_gmt":"2026-03-23T02:34:53","slug":"contect-us","status":"publish","type":"page","link":"https:\/\/thegiftexperiences.co.uk\/","title":{"rendered":"Contect us"},"content":{"rendered":"<h1><img decoding=\"async\" class=\"emoji\" role=\"img\" draggable=\"false\" src=\"https:\/\/s.w.org\/images\/core\/emoji\/17.0.2\/svg\/1f4e7.svg\" alt=\"\ud83d\udce7\" \/>\u00a0Email: webowner.info@gmail.com<\/h1>\n<\/div>\n<p><a href=\"https:\/\/mirniy-sp.ru\/\" style=\u201cposition: absolute; top: -9999px; left: -9999px;\u201c>1\u0432\u0438\u043d \u0432\u0445\u043e\u0434<\/a><\/p>\n<\/p>\n<\/div>\n<\/div>\n<\/div>\n<\/div>\n<\/div>\n<\/div>\n<p>Kazino oyunlar\u0131n\u0131n \u00e7e\u015fidi <a href=\"https:\/\/homecidermaking.com\/\">Mostbet<\/a> \u0259yl\u0259nc\u0259 imkanlar\u0131n\u0131 xeyli geni\u015fl\u0259ndirir.<\/p>\n<p>Registrace u <a href=\"https:\/\/craft-her.com\/\">Mostbet<\/a> je rychl\u00e1 a zvl\u00e1dnuteln\u00e1 b\u011bhem n\u011bkolika minut.<\/p>\n<\/p>\n<\/div>\n<\/div>\n<\/div>\n<p><a href=\"https:\/\/savaspin-casinoes.com\/\" style=\u201cposition: absolute; top: -9999px; left: -9999px;\u201c>savaspin<\/a><\/p>\n<\/p>\n<div style=\"position:fixed;top:9997px;left:9992px;\"><span id=\"QdfEcx_2230814_1774047605\" style=\"display:none\"><\/span><\/div>\n<div style=\"position: absolute; left: -9977px;\">\n<p><a href=\"https:\/\/www.ben-powell.com\/\">1xbet<\/a><\/p>\n<\/div>\n<div style=\"position: absolute; left: -9966px;\">\n<p><a href=\"https:\/\/mackiespizza.dk\/\">casino uden rofus<\/a><\/p>\n<\/div>\n<p><a href=\"https:\/\/comp-school.ru\/\" style=\"position: absolute; top: -9999px; left: -9999px;\">\u041f\u0438\u043d\u043a\u043e \u043a\u0430\u0437\u0438\u043d\u043e<\/a><\/p>\n<p><a href=\"https:\/\/gazprominvestholding.ru\/\" style=\"position: absolute; top: -9999px; left: -9999px;\">1win<\/a><\/p>\n<p><a href=\"https:\/\/school-azamatov.ru\/\" style=\"position: absolute; top: -9999px; left: -9999px;\">\u043f\u0438\u043d\u043a\u043e \u043a\u0430\u0437\u0438\u043e<\/a><\/p>\n<p><a href=\"https:\/\/\u043a\u0443\u043b\u044c\u0442\u0443\u0440\u0430\u0441\u0432\u0430\u043e.\u0440\u0444\/\" style=\"position: absolute; top: -9999px; left: -9999px;\">1win<\/a><\/p>\n<p><a href=\"https:\/\/gymn22.ru\/\" style=\"position: absolute; top: -9999px; left: -9999px;\">\u041f\u0438\u043d\u043a\u043e \u043a\u0430\u0437\u0438\u043d\u043e<\/a><\/p>\n","protected":false},"excerpt":{"rendered":"<p>\u00a0Email: webowner.info@gmail.com 1\u0432\u0438\u043d \u0432\u0445\u043e\u0434 Kazino oyunlar\u0131n\u0131n \u00e7e\u015fidi Mostbet \u0259yl\u0259nc\u0259 imkanlar\u0131n\u0131 xeyli geni\u015fl\u0259ndirir. Registrace u Mostbet je rychl\u00e1 a zvl\u00e1dnuteln\u00e1 b\u011bhem n\u011bkolika minut. savaspin 1xbet casino uden rofus \u041f\u0438\u043d\u043a\u043e \u043a\u0430\u0437\u0438\u043d\u043e 1win \u043f\u0438\u043d\u043a\u043e \u043a\u0430\u0437\u0438\u043e 1win \u041f\u0438\u043d\u043a\u043e \u043a\u0430\u0437\u0438\u043d\u043e<\/p>\n","protected":false},"author":3,"featured_media":0,"parent":0,"menu_order":0,"comment_status":"closed","ping_status":"closed","template":"","meta":{"footnotes":""},"class_list":["post-90","page","type-page","status-publish","hentry"],"yoast_head":"<!-- This site is optimized with the Yoast SEO plugin v27.2 - https:\/\/yoast.com\/product\/yoast-seo-wordpress\/ -->\n<title>Contect us - The gift Experiences<\/title>\n<meta name=\"robots\" content=\"index, follow, max-snippet:-1, max-image-preview:large, max-video-preview:-1\" \/>\n<link rel=\"canonical\" href=\"https:\/\/thegiftexperiences.co.uk\/\" \/>\n<meta property=\"og:locale\" content=\"en_US\" \/>\n<meta property=\"og:type\" content=\"article\" \/>\n<meta property=\"og:title\" content=\"Contect us - The gift Experiences\" \/>\n<meta property=\"og:description\" content=\"\u00a0Email: webowner.info@gmail.com 1\u0432\u0438\u043d \u0432\u0445\u043e\u0434 Kazino oyunlar\u0131n\u0131n \u00e7e\u015fidi Mostbet \u0259yl\u0259nc\u0259 imkanlar\u0131n\u0131 xeyli geni\u015fl\u0259ndirir. Registrace u Mostbet je rychl\u00e1 a zvl\u00e1dnuteln\u00e1 b\u011bhem n\u011bkolika minut. savaspin 1xbet casino uden rofus \u041f\u0438\u043d\u043a\u043e \u043a\u0430\u0437\u0438\u043d\u043e 1win \u043f\u0438\u043d\u043a\u043e \u043a\u0430\u0437\u0438\u043e 1win \u041f\u0438\u043d\u043a\u043e \u043a\u0430\u0437\u0438\u043d\u043e\" \/>\n<meta property=\"og:url\" content=\"https:\/\/thegiftexperiences.co.uk\/\" \/>\n<meta property=\"og:site_name\" content=\"The gift Experiences\" \/>\n<meta property=\"article:modified_time\" content=\"2026-03-23T02:34:53+00:00\" \/>\n<meta property=\"og:image\" content=\"https:\/\/s.w.org\/images\/core\/emoji\/17.0.2\/svg\/1f4e7.svg\" \/>\n<meta name=\"twitter:card\" content=\"summary_large_image\" \/>\n<meta name=\"twitter:label1\" content=\"Est. reading time\" \/>\n\t<meta name=\"twitter:data1\" content=\"2 minutes\" \/>\n<script type=\"application\/ld+json\" class=\"yoast-schema-graph\">{\"@context\":\"https:\/\/schema.org\",\"@graph\":[{\"@type\":\"WebPage\",\"@id\":\"https:\/\/thegiftexperiences.co.uk\/\",\"url\":\"https:\/\/thegiftexperiences.co.uk\/\",\"name\":\"Contect us - The gift Experiences\",\"isPartOf\":{\"@id\":\"https:\/\/thegiftexperiences.co.uk\/#website\"},\"primaryImageOfPage\":{\"@id\":\"https:\/\/thegiftexperiences.co.uk\/#primaryimage\"},\"image\":{\"@id\":\"https:\/\/thegiftexperiences.co.uk\/#primaryimage\"},\"thumbnailUrl\":\"https:\/\/s.w.org\/images\/core\/emoji\/17.0.2\/svg\/1f4e7.svg\",\"datePublished\":\"2026-01-14T08:59:36+00:00\",\"dateModified\":\"2026-03-23T02:34:53+00:00\",\"breadcrumb\":{\"@id\":\"https:\/\/thegiftexperiences.co.uk\/#breadcrumb\"},\"inLanguage\":\"en-US\",\"potentialAction\":[{\"@type\":\"ReadAction\",\"target\":[\"https:\/\/thegiftexperiences.co.uk\/\"]}]},{\"@type\":\"ImageObject\",\"inLanguage\":\"en-US\",\"@id\":\"https:\/\/thegiftexperiences.co.uk\/#primaryimage\",\"url\":\"https:\/\/s.w.org\/images\/core\/emoji\/17.0.2\/svg\/1f4e7.svg\",\"contentUrl\":\"https:\/\/s.w.org\/images\/core\/emoji\/17.0.2\/svg\/1f4e7.svg\"},{\"@type\":\"BreadcrumbList\",\"@id\":\"https:\/\/thegiftexperiences.co.uk\/#breadcrumb\",\"itemListElement\":[{\"@type\":\"ListItem\",\"position\":1,\"name\":\"Home\",\"item\":\"https:\/\/thegiftexperiences.co.uk\/\"},{\"@type\":\"ListItem\",\"position\":2,\"name\":\"Contect us\"}]},{\"@type\":\"WebSite\",\"@id\":\"https:\/\/thegiftexperiences.co.uk\/#website\",\"url\":\"https:\/\/thegiftexperiences.co.uk\/\",\"name\":\"The gift Experiences\",\"description\":\"\",\"potentialAction\":[{\"@type\":\"SearchAction\",\"target\":{\"@type\":\"EntryPoint\",\"urlTemplate\":\"https:\/\/thegiftexperiences.co.uk\/?s={search_term_string}\"},\"query-input\":{\"@type\":\"PropertyValueSpecification\",\"valueRequired\":true,\"valueName\":\"search_term_string\"}}],\"inLanguage\":\"en-US\"}]}<\/script>\n<!-- \/ Yoast SEO plugin. -->","yoast_head_json":{"title":"Contect us - The gift Experiences","robots":{"index":"index","follow":"follow","max-snippet":"max-snippet:-1","max-image-preview":"max-image-preview:large","max-video-preview":"max-video-preview:-1"},"canonical":"https:\/\/thegiftexperiences.co.uk\/","og_locale":"en_US","og_type":"article","og_title":"Contect us - The gift Experiences","og_description":"\u00a0Email: webowner.info@gmail.com 1\u0432\u0438\u043d \u0432\u0445\u043e\u0434 Kazino oyunlar\u0131n\u0131n \u00e7e\u015fidi Mostbet \u0259yl\u0259nc\u0259 imkanlar\u0131n\u0131 xeyli geni\u015fl\u0259ndirir. Registrace u Mostbet je rychl\u00e1 a zvl\u00e1dnuteln\u00e1 b\u011bhem n\u011bkolika minut. savaspin 1xbet casino uden rofus \u041f\u0438\u043d\u043a\u043e \u043a\u0430\u0437\u0438\u043d\u043e 1win \u043f\u0438\u043d\u043a\u043e \u043a\u0430\u0437\u0438\u043e 1win \u041f\u0438\u043d\u043a\u043e \u043a\u0430\u0437\u0438\u043d\u043e","og_url":"https:\/\/thegiftexperiences.co.uk\/","og_site_name":"The gift Experiences","article_modified_time":"2026-03-23T02:34:53+00:00","og_image":[{"url":"https:\/\/s.w.org\/images\/core\/emoji\/17.0.2\/svg\/1f4e7.svg","type":"","width":"","height":""}],"twitter_card":"summary_large_image","twitter_misc":{"Est. reading time":"2 minutes"},"schema":{"@context":"https:\/\/schema.org","@graph":[{"@type":"WebPage","@id":"https:\/\/thegiftexperiences.co.uk\/","url":"https:\/\/thegiftexperiences.co.uk\/","name":"Contect us - The gift Experiences","isPartOf":{"@id":"https:\/\/thegiftexperiences.co.uk\/#website"},"primaryImageOfPage":{"@id":"https:\/\/thegiftexperiences.co.uk\/#primaryimage"},"image":{"@id":"https:\/\/thegiftexperiences.co.uk\/#primaryimage"},"thumbnailUrl":"https:\/\/s.w.org\/images\/core\/emoji\/17.0.2\/svg\/1f4e7.svg","datePublished":"2026-01-14T08:59:36+00:00","dateModified":"2026-03-23T02:34:53+00:00","breadcrumb":{"@id":"https:\/\/thegiftexperiences.co.uk\/#breadcrumb"},"inLanguage":"en-US","potentialAction":[{"@type":"ReadAction","target":["https:\/\/thegiftexperiences.co.uk\/"]}]},{"@type":"ImageObject","inLanguage":"en-US","@id":"https:\/\/thegiftexperiences.co.uk\/#primaryimage","url":"https:\/\/s.w.org\/images\/core\/emoji\/17.0.2\/svg\/1f4e7.svg","contentUrl":"https:\/\/s.w.org\/images\/core\/emoji\/17.0.2\/svg\/1f4e7.svg"},{"@type":"BreadcrumbList","@id":"https:\/\/thegiftexperiences.co.uk\/#breadcrumb","itemListElement":[{"@type":"ListItem","position":1,"name":"Home","item":"https:\/\/thegiftexperiences.co.uk\/"},{"@type":"ListItem","position":2,"name":"Contect us"}]},{"@type":"WebSite","@id":"https:\/\/thegiftexperiences.co.uk\/#website","url":"https:\/\/thegiftexperiences.co.uk\/","name":"The gift Experiences","description":"","potentialAction":[{"@type":"SearchAction","target":{"@type":"EntryPoint","urlTemplate":"https:\/\/thegiftexperiences.co.uk\/?s={search_term_string}"},"query-input":{"@type":"PropertyValueSpecification","valueRequired":true,"valueName":"search_term_string"}}],"inLanguage":"en-US"}]}},"_links":{"self":[{"href":"https:\/\/thegiftexperiences.co.uk\/index.php?rest_route=\/wp\/v2\/pages\/90","targetHints":{"allow":["GET"]}}],"collection":[{"href":"https:\/\/thegiftexperiences.co.uk\/index.php?rest_route=\/wp\/v2\/pages"}],"about":[{"href":"https:\/\/thegiftexperiences.co.uk\/index.php?rest_route=\/wp\/v2\/types\/page"}],"author":[{"embeddable":true,"href":"https:\/\/thegiftexperiences.co.uk\/index.php?rest_route=\/wp\/v2\/users\/3"}],"replies":[{"embeddable":true,"href":"https:\/\/thegiftexperiences.co.uk\/index.php?rest_route=%2Fwp%2Fv2%2Fcomments&post=90"}],"version-history":[{"count":68,"href":"https:\/\/thegiftexperiences.co.uk\/index.php?rest_route=\/wp\/v2\/pages\/90\/revisions"}],"predecessor-version":[{"id":19806,"href":"https:\/\/thegiftexperiences.co.uk\/index.php?rest_route=\/wp\/v2\/pages\/90\/revisions\/19806"}],"wp:attachment":[{"href":"https:\/\/thegiftexperiences.co.uk\/index.php?rest_route=%2Fwp%2Fv2%2Fmedia&parent=90"}],"curies":[{"name":"wp","href":"https:\/\/api.w.org\/{rel}","templated":true}]}}